{"id":269,"date":"2019-10-10T08:08:37","date_gmt":"2019-10-10T08:08:37","guid":{"rendered":"http:\/\/expertinstal.pl\/?page_id=269"},"modified":"2019-10-10T08:28:29","modified_gmt":"2019-10-10T08:28:29","slug":"kontakt-2","status":"publish","type":"page","link":"https:\/\/expertinstal.pl\/?page_id=269","title":{"rendered":"Kontakt:"},"content":{"rendered":"\t\t<div data-elementor-type=\"wp-post\" data-elementor-id=\"269\" class=\"elementor elementor-269 elementor-bc-flex-widget\" data-elementor-settings=\"[]\">\n\t\t\t<div class=\"elementor-inner\">\n\t\t\t\t<div class=\"elementor-section-wrap\">\n\t\t\t\t\t\t\t<section class=\"elementor-element elementor-element-e27c4fc elementor-section-boxed elementor-section-height-default elementor-section-height-default elementor-section elementor-top-section\" data-id=\"e27c4fc\" data-element_type=\"section\">\n\t\t\t\t\t\t<div class=\"elementor-container elementor-column-gap-default\">\n\t\t\t\t<div class=\"elementor-row\">\n\t\t\t\t<div class=\"elementor-element elementor-element-261b701 elementor-column elementor-col-100 elementor-top-column\" data-id=\"261b701\" data-element_type=\"column\">\n\t\t\t<div class=\"elementor-column-wrap  elementor-element-populated\">\n\t\t\t\t\t<div class=\"elementor-widget-wrap\">\n\t\t\t\t<div class=\"elementor-element elementor-element-ad2ed46 elementor-icon-list--layout-traditional elementor-widget elementor-widget-icon-list\" data-id=\"ad2ed46\" data-element_type=\"widget\" data-widget_type=\"icon-list.default\">\n\t\t\t\t<div class=\"elementor-widget-container\">\n\t\t\t\t\t<ul class=\"elementor-icon-list-items\">\n\t\t\t\t\t\t\t<li class=\"elementor-icon-list-item\" >\n\t\t\t\t\t<a href=\"mailto: info@expertintal.pl\">\t\t\t\t\t\t<span class=\"elementor-icon-list-icon\">\n\t\t\t\t\t\t\t\t\t\t\t\t\t\t\t\t<i class=\"fa fa-address-card\" aria-hidden=\"true\"><\/i>\n\t\t\t\t\t\t\t\t\t\t\t\t\t<\/span>\n\t\t\t\t\t\t\t\t\t\t<span class=\"elementor-icon-list-text\">info@expertinstal.pl<\/span>\n\t\t\t\t\t\t\t\t\t\t\t<\/a>\n\t\t\t\t\t\t\t\t\t<\/li>\n\t\t\t\t\t\t\t\t<li class=\"elementor-icon-list-item\" >\n\t\t\t\t\t<a href=\"tel:502-393-208\">\t\t\t\t\t\t<span class=\"elementor-icon-list-icon\">\n\t\t\t\t\t\t\t\t\t\t\t\t\t\t\t\t<i class=\"fa fa-phone-square\" aria-hidden=\"true\"><\/i>\n\t\t\t\t\t\t\t\t\t\t\t\t\t<\/span>\n\t\t\t\t\t\t\t\t\t\t<span class=\"elementor-icon-list-text\">502-393-208<\/span>\n\t\t\t\t\t\t\t\t\t\t\t<\/a>\n\t\t\t\t\t\t\t\t\t<\/li>\n\t\t\t\t\t\t<\/ul>\n\t\t\t\t<\/div>\n\t\t\t\t<\/div>\n\t\t\t\t<div class=\"elementor-element elementor-element-8a1499a elementor-widget elementor-widget-divider\" data-id=\"8a1499a\" data-element_type=\"widget\" data-widget_type=\"divider.default\">\n\t\t\t\t<div class=\"elementor-widget-container\">\n\t\t\t\t\t<div class=\"elementor-divider\">\n\t\t\t<span class=\"elementor-divider-separator\">\n\t\t\t\t\t\t<\/span>\n\t\t<\/div>\n\t\t\t\t<\/div>\n\t\t\t\t<\/div>\n\t\t\t\t\t\t<\/div>\n\t\t\t<\/div>\n\t\t<\/div>\n\t\t\t\t\t\t<\/div>\n\t\t\t<\/div>\n\t\t<\/section>\n\t\t\t\t<section class=\"elementor-element elementor-element-75e4752 elementor-section-boxed elementor-section-height-default elementor-section-height-default elementor-section elementor-top-section\" data-id=\"75e4752\" data-element_type=\"section\">\n\t\t\t\t\t\t<div class=\"elementor-container elementor-column-gap-default\">\n\t\t\t\t<div class=\"elementor-row\">\n\t\t\t\t<div class=\"elementor-element elementor-element-b1c7888 elementor-column elementor-col-100 elementor-top-column\" data-id=\"b1c7888\" data-element_type=\"column\">\n\t\t\t<div class=\"elementor-column-wrap  elementor-element-populated\">\n\t\t\t\t\t<div class=\"elementor-widget-wrap\">\n\t\t\t\t<div class=\"elementor-element elementor-element-12e89ba elementor--h-position-center elementor--v-position-middle elementor-widget elementor-widget-slides\" data-id=\"12e89ba\" data-element_type=\"widget\" data-widget_type=\"slides.default\">\n\t\t\t\t<div class=\"elementor-widget-container\">\n\t\t\t\t\t<div class=\"elementor-slides-wrapper elementor-slick-slider\" dir=\"ltr\">\n\t\t\t<div class=\"elementor-slides slick-arrows-inside slick-dots-inside\" data-slider_options=\"{&quot;slidesToShow&quot;:1,&quot;autoplaySpeed&quot;:5000,&quot;autoplay&quot;:true,&quot;infinite&quot;:true,&quot;pauseOnHover&quot;:true,&quot;speed&quot;:500,&quot;arrows&quot;:true,&quot;dots&quot;:true,&quot;rtl&quot;:false,&quot;fade&quot;:true}\" data-animation=\"fadeInUp\">\n\t\t\t\t<div class=\"elementor-repeater-item-68f60d3 slick-slide\"><div class=\"slick-slide-bg\"><\/div><a href=\"mailto: info@expertinstal.pl\" class=\"slick-slide-inner\"><div class=\"elementor-background-overlay\"><\/div><div class=\"elementor-slide-content\"><div class=\"elementor-slide-heading\">e-mail<\/div><div class=\"elementor-slide-description\">Napisz nam wiadomo\u015b\u0107, odpowiemy niezw\u0142ocznie!<\/div><div  class=\"elementor-button elementor-slide-button elementor-size-sm\">Mail<\/div><\/div><\/a><\/div><div class=\"elementor-repeater-item-f729daa slick-slide\"><div class=\"slick-slide-bg elementor-ken-in\"><\/div><a href=\"tel:502393208\" class=\"slick-slide-inner\"><div class=\"elementor-slide-content\"><div class=\"elementor-slide-heading\">Potrzebujesz informacji natychmiast?<\/div><div class=\"elementor-slide-description\">Zadzwo\u0144! Odpowiemy na wszelkie pytania!<\/div><div  class=\"elementor-button elementor-slide-button elementor-size-sm\">502-393-208<\/div><\/div><\/a><\/div><div class=\"elementor-repeater-item-7dd1121 slick-slide\"><div class=\"slick-slide-bg\"><\/div><div  class=\"slick-slide-inner\"><div class=\"elementor-background-overlay\"><\/div><div class=\"elementor-slide-content\"><div class=\"elementor-slide-heading\">Preferujesz kontakt osobisty?<\/div><div class=\"elementor-slide-description\">Zapraszamy do Technoparku Pomerania\nSzczecin, ul. Cyfrowa 6<\/div><\/div><\/div><\/div>\t\t\t<\/div>\n\t\t<\/div>\n\t\t\t\t<\/div>\n\t\t\t\t<\/div>\n\t\t\t\t\t\t<\/div>\n\t\t\t<\/div>\n\t\t<\/div>\n\t\t\t\t\t\t<\/div>\n\t\t\t<\/div>\n\t\t<\/section>\n\t\t\t\t<section class=\"elementor-element elementor-element-791115b elementor-section-boxed elementor-section-height-default elementor-section-height-default elementor-section elementor-top-section\" data-id=\"791115b\" data-element_type=\"section\">\n\t\t\t\t\t\t<div class=\"elementor-container elementor-column-gap-default\">\n\t\t\t\t<div class=\"elementor-row\">\n\t\t\t\t<div class=\"elementor-element elementor-element-3ee3b4a elementor-column elementor-col-100 elementor-top-column\" data-id=\"3ee3b4a\" data-element_type=\"column\">\n\t\t\t<div class=\"elementor-column-wrap  elementor-element-populated\">\n\t\t\t\t\t<div class=\"elementor-widget-wrap\">\n\t\t\t\t<div class=\"elementor-element elementor-element-455b160 elementor-widget elementor-widget-google_maps\" data-id=\"455b160\" data-element_type=\"widget\" data-widget_type=\"google_maps.default\">\n\t\t\t\t<div class=\"elementor-widget-container\">\n\t\t\t<div class=\"elementor-custom-embed\"><iframe frameborder=\"0\" scrolling=\"no\" marginheight=\"0\" marginwidth=\"0\" src=\"https:\/\/maps.google.com\/maps?q=Szczecin%20cyfrowa%206&amp;t=m&amp;z=15&amp;output=embed&amp;iwloc=near\" aria-label=\"Szczecin cyfrowa 6\"><\/iframe><\/div>\t\t<\/div>\n\t\t\t\t<\/div>\n\t\t\t\t\t\t<\/div>\n\t\t\t<\/div>\n\t\t<\/div>\n\t\t\t\t\t\t<\/div>\n\t\t\t<\/div>\n\t\t<\/section>\n\t\t\t\t\t\t<\/div>\n\t\t\t<\/div>\n\t\t<\/div>\n\t\t","protected":false},"excerpt":{"rendered":"<p>info@expertinstal.pl 502-393-208 e-mailNapisz nam wiadomo\u015b\u0107, odpowiemy niezw\u0142ocznie!MailPotrzebujesz informacji natychmiast?Zadzwo\u0144! Odpowiemy na wszelkie pytania!502-393-208Preferujesz kontakt osobisty?Zapraszamy do Technoparku Pomerania Szczecin, ul. Cyfrowa 6<\/p>\n","protected":false},"author":1,"featured_media":0,"parent":0,"menu_order":0,"comment_status":"closed","ping_status":"closed","template":"","meta":[],"_links":{"self":[{"href":"https:\/\/expertinstal.pl\/index.php?rest_route=\/wp\/v2\/pages\/269"}],"collection":[{"href":"https:\/\/expertinstal.pl\/index.php?rest_route=\/wp\/v2\/pages"}],"about":[{"href":"https:\/\/expertinstal.pl\/index.php?rest_route=\/wp\/v2\/types\/page"}],"author":[{"embeddable":true,"href":"https:\/\/expertinstal.pl\/index.php?rest_route=\/wp\/v2\/users\/1"}],"replies":[{"embeddable":true,"href":"https:\/\/expertinstal.pl\/index.php?rest_route=%2Fwp%2Fv2%2Fcomments&post=269"}],"version-history":[{"count":11,"href":"https:\/\/expertinstal.pl\/index.php?rest_route=\/wp\/v2\/pages\/269\/revisions"}],"predecessor-version":[{"id":286,"href":"https:\/\/expertinstal.pl\/index.php?rest_route=\/wp\/v2\/pages\/269\/revisions\/286"}],"wp:attachment":[{"href":"https:\/\/expertinstal.pl\/index.php?rest_route=%2Fwp%2Fv2%2Fmedia&parent=269"}],"curies":[{"name":"wp","href":"https:\/\/api.w.org\/{rel}","templated":true}]}}